{"id":402,"date":"2019-10-30T22:23:50","date_gmt":"2019-10-30T22:23:50","guid":{"rendered":"https:\/\/www.eterateam.com\/rs\/?page_id=402"},"modified":"2020-01-20T20:14:02","modified_gmt":"2020-01-20T20:14:02","slug":"plasticna-rekonstruktivna-i-estetska-hirurgija","status":"publish","type":"page","link":"https:\/\/www.eterateam.com\/rs\/plasticna-rekonstruktivna-i-estetska-hirurgija\/","title":{"rendered":"Plasti\u010dna, Rekonstruktivna i Estetska Hirurgija"},"content":{"rendered":"<p><div class=\"fusion-fullwidth fullwidth-box fusion-builder-row-1 nonhundred-percent-fullwidth non-hundred-percent-height-scrolling\" style=\"--awb-border-radius-top-left:0px;--awb-border-radius-top-right:0px;--awb-border-radius-bottom-right:0px;--awb-border-radius-bottom-left:0px;--awb-flex-wrap:wrap;\" ><div class=\"fusion-builder-row fusion-row\"><div class=\"fusion-layout-column fusion_builder_column fusion-builder-column-0 fusion_builder_column_2_3 2_3 fusion-two-third fusion-column-first\" style=\"--awb-bg-size:cover;width:66.666666666667%;width:calc(66.666666666667% - ( ( 4% ) * 0.66666666666667 ) );margin-right: 4%;\"><div class=\"fusion-column-wrapper fusion-column-has-shadow fusion-flex-column-wrapper-legacy\"><div class=\"fusion-title title fusion-title-1 fusion-sep-none fusion-title-center fusion-title-text fusion-title-size-two\" style=\"--awb-margin-top-small:0px;--awb-margin-right-small:0px;--awb-margin-bottom-small:20px;--awb-margin-left-small:0px;--awb-sep-color:#e40045;\"><h2 class=\"fusion-title-heading title-heading-center fusion-responsive-typography-calculated\" style=\"margin:0;--fontSize:26;line-height:1.5;\"><p style=\"text-align: center;\">PLASTI\u010cNA, REKONSTRUKTIVNA I ESTETSKA HIRURGIJA<img decoding=\"async\" class=\"aligncenter size-full wp-image-390\" src=\"https:\/\/www.eterateam.com\/rs\/wp-content\/uploads\/2019\/10\/lines-2.png\" alt=\"\" width=\"700\" height=\"77\" srcset=\"https:\/\/www.eterateam.com\/rs\/wp-content\/uploads\/2019\/10\/lines-2-24x3.png 24w, https:\/\/www.eterateam.com\/rs\/wp-content\/uploads\/2019\/10\/lines-2-36x4.png 36w, https:\/\/www.eterateam.com\/rs\/wp-content\/uploads\/2019\/10\/lines-2-48x5.png 48w, https:\/\/www.eterateam.com\/rs\/wp-content\/uploads\/2019\/10\/lines-2-200x22.png 200w, https:\/\/www.eterateam.com\/rs\/wp-content\/uploads\/2019\/10\/lines-2-300x33.png 300w, https:\/\/www.eterateam.com\/rs\/wp-content\/uploads\/2019\/10\/lines-2-400x44.png 400w, https:\/\/www.eterateam.com\/rs\/wp-content\/uploads\/2019\/10\/lines-2-600x66.png 600w, https:\/\/www.eterateam.com\/rs\/wp-content\/uploads\/2019\/10\/lines-2.png 700w\" sizes=\"(max-width: 700px) 100vw, 700px\" \/><\/p><\/h2><\/div><div class=\"fusion-text fusion-text-1\" id=\"onama\"><p><strong>Plasti\u010dna hirurgija<\/strong> <em>predstavlja granu medicine koja se bavi ispravljanjem ili rekonstrukcijom delova ljudskog tela vra\u0107aju\u0107i im maksimalnu mogu\u0107u funkcionalnost u normalan ili lep\u0161i izgled. Plasti\u010dna hirurgija nije nu\u017eno i estetska hirurgija, odnosno ona uklju\u010duje mnoge tipove rekonstruktivne hirurgije: hirurgije ruku, mikrohirurgije i saniranja opekotina.<\/em><\/p>\n<p><strong>Rekonstruktivna hirurgija<\/strong> <em>ima za zadatak da obnovi i nadomesti funkcionalne nedostatke koji mogu biti urodjeni ili ste\u010deni.<\/em><\/p>\n<p><strong>Estetska hirurgija<\/strong> <em>je proces kojim ulep\u0161avate sopstveni izgled. Ona se bavi korekcijom estetskih nedostataka i ulep\u0161avanjem ljudskog tela.<\/em><br \/>\nOna vam omogu\u0107ava, od re\u0161avanja i rekonstrukcije razlicitih telesnih nedostataka do korigovanja i ulepsavanja va\u0161eg tela i lica kao \u0161to su:<\/p>\n<ul>\n<li>Facelifting &#8211; podmla\u0111ivanje,<\/li>\n<li>Zatezanja stomaka,<\/li>\n<li>Podizanja kapaka,<\/li>\n<li>Operacija klempavih u\u0161iju,<\/li>\n<li>Rinoplastika korekcije nosa (manji lep\u0161i nos ispravljanje devijacije nosa),<\/li>\n<li>Pove\u0107anja, podizanja i korekcije grudi silikonima ili masnim tkivom,<\/li>\n<li>Smanjenje grudi- ginekomastija,<\/li>\n<li>Liposukcija ili uklanjane vi\u0161ka sala,<\/li>\n<li>Hemijski pilinzi, dermoabrazija, su samo neke vrste estetskih operacija<\/li>\n<\/ul>\n<p>Plasti\u010dna hirurgija vam omogu\u0107ava da se ose\u0107ate veoma atraktivno i po\u017eeljno.<br \/>\nOna vam vra\u0107a poljuljano samopouzdanje, samim tim ostavlja nov utisak o vama u vama i pred drugima, kako u privatnom tako i u javnom \u017eivotu.<\/p>\n<\/div><div class=\"fusion-clearfix\"><\/div><\/div><\/div><div class=\"fusion-layout-column fusion_builder_column fusion-builder-column-1 fusion_builder_column_1_3 1_3 fusion-one-third fusion-column-last\" style=\"--awb-bg-size:cover;width:33.333333333333%;width:calc(33.333333333333% - ( ( 4% ) * 0.33333333333333 ) );\"><div class=\"fusion-column-wrapper fusion-column-has-shadow fusion-flex-column-wrapper-legacy\"><div class=\"fusion-image-element in-legacy-container\" style=\"--awb-max-width:330px;--awb-caption-title-font-family:var(--h2_typography-font-family);--awb-caption-title-font-weight:var(--h2_typography-font-weight);--awb-caption-title-font-style:var(--h2_typography-font-style);--awb-caption-title-size:var(--h2_typography-font-size);--awb-caption-title-transform:var(--h2_typography-text-transform);--awb-caption-title-line-height:var(--h2_typography-line-height);--awb-caption-title-letter-spacing:var(--h2_typography-letter-spacing);\"><span class=\" fusion-imageframe imageframe-none imageframe-1 hover-type-none\"><img decoding=\"async\" width=\"350\" height=\"700\" alt=\"estetska hirurgija\" src=\"https:\/\/www.eterateam.com\/rs\/wp-content\/uploads\/2019\/11\/Estetska-hirurgija-350x700.png\" class=\"img-responsive wp-image-688\" srcset=\"https:\/\/www.eterateam.com\/rs\/wp-content\/uploads\/2019\/11\/Estetska-hirurgija-350x700-12x24.png 12w, https:\/\/www.eterateam.com\/rs\/wp-content\/uploads\/2019\/11\/Estetska-hirurgija-350x700-18x36.png 18w, https:\/\/www.eterateam.com\/rs\/wp-content\/uploads\/2019\/11\/Estetska-hirurgija-350x700-24x48.png 24w, https:\/\/www.eterateam.com\/rs\/wp-content\/uploads\/2019\/11\/Estetska-hirurgija-350x700-150x300.png 150w, https:\/\/www.eterateam.com\/rs\/wp-content\/uploads\/2019\/11\/Estetska-hirurgija-350x700-200x400.png 200w, https:\/\/www.eterateam.com\/rs\/wp-content\/uploads\/2019\/11\/Estetska-hirurgija-350x700.png 350w\" sizes=\"(max-width: 350px) 100vw, 350px\" \/><\/span><\/div><div class=\"fusion-clearfix\"><\/div><\/div><\/div><\/div><\/div><div class=\"fusion-fullwidth fullwidth-box fusion-builder-row-2 nonhundred-percent-fullwidth non-hundred-percent-height-scrolling\" style=\"--awb-border-radius-top-left:0px;--awb-border-radius-top-right:0px;--awb-border-radius-bottom-right:0px;--awb-border-radius-bottom-left:0px;--awb-flex-wrap:wrap;\" ><div class=\"fusion-builder-row fusion-row\"><div class=\"fusion-layout-column fusion_builder_column fusion-builder-column-2 fusion_builder_column_1_1 1_1 fusion-one-full fusion-column-first fusion-column-last\" style=\"--awb-bg-size:cover;\"><div class=\"fusion-column-wrapper fusion-column-has-shadow fusion-flex-column-wrapper-legacy\"><div class=\"fusion-text fusion-text-2\" id=\"onama\"><p><strong>U Srbiji njenom glavnom gradu Beogradu,<\/strong><br \/>\n<em>vam nudimo kompletnu i vrhunsku uslugu u oblasti plasti\u010dne, rekonstruktivne i estetske hirurgije u privatnim klinikama.<\/em><br \/>\nPlasti\u010dna hirurgija zahteva izuzetnu kreativnost i ogromnu preciznost, sve te kvalitete poseduju hirurzi iz Srbije po \u010demu su veoma poznati u svetu.<\/p>\n<p>Tim eminetnih plasti\u010dnih hirurga sa dugogodi\u0161njem iskustvom i sa vi\u0161egodi\u0161njim usavr\u0161avanjem u Brazilu i u EU, uz primenu najsavremenijih aparata i tehnologije, daju za rezultat veoma zadovoljne pacijente iz celog sveta (Italije, Nema\u010dke, Austrije, \u0160vajcerske, Skandinavije, Rusije, USA, Kanade, Gr\u010dke, Kipra, Libije, Saudijske Arabije, Kuvajta i mnogo dr.)<\/p>\n<p><img decoding=\"async\" class=\"size-full wp-image-689 aligncenter\" src=\"https:\/\/www.eterateam.com\/rs\/wp-content\/uploads\/2019\/11\/Estetska-hirurgija-1100x250.png\" alt=\"estetska hirurgija\" width=\"1100\" height=\"250\" srcset=\"https:\/\/www.eterateam.com\/rs\/wp-content\/uploads\/2019\/11\/Estetska-hirurgija-1100x250-24x5.png 24w, https:\/\/www.eterateam.com\/rs\/wp-content\/uploads\/2019\/11\/Estetska-hirurgija-1100x250-36x8.png 36w, https:\/\/www.eterateam.com\/rs\/wp-content\/uploads\/2019\/11\/Estetska-hirurgija-1100x250-48x11.png 48w, https:\/\/www.eterateam.com\/rs\/wp-content\/uploads\/2019\/11\/Estetska-hirurgija-1100x250-200x45.png 200w, https:\/\/www.eterateam.com\/rs\/wp-content\/uploads\/2019\/11\/Estetska-hirurgija-1100x250-300x68.png 300w, https:\/\/www.eterateam.com\/rs\/wp-content\/uploads\/2019\/11\/Estetska-hirurgija-1100x250-400x91.png 400w, https:\/\/www.eterateam.com\/rs\/wp-content\/uploads\/2019\/11\/Estetska-hirurgija-1100x250-600x136.png 600w, https:\/\/www.eterateam.com\/rs\/wp-content\/uploads\/2019\/11\/Estetska-hirurgija-1100x250-768x175.png 768w, https:\/\/www.eterateam.com\/rs\/wp-content\/uploads\/2019\/11\/Estetska-hirurgija-1100x250-800x182.png 800w, https:\/\/www.eterateam.com\/rs\/wp-content\/uploads\/2019\/11\/Estetska-hirurgija-1100x250-1024x233.png 1024w, https:\/\/www.eterateam.com\/rs\/wp-content\/uploads\/2019\/11\/Estetska-hirurgija-1100x250.png 1100w\" sizes=\"(max-width: 1100px) 100vw, 1100px\" \/><\/p>\n<p><strong>Cilj nam je da za ukazano poverenje svakom pacijentu obezbedimo maksimalni kvalitet, bezbednost,udobnost i kompletnu diskreciju,<\/strong> posle obavljene hirur\u0161ke estetske procedure u Beogradu, koji \u0107e biti prezadovoljni na\u0161om organizacijom i preporukom kako za medicinski turizam tako i za klasi\u010dan turizam.<br \/>\nMi uvek idemo korak dalje, organizuju\u0107i vam kompletan paket usluga ukljucujuci, transport, sme\u0161taj, vodi\u010de i sve one druge sitnice koje \u0107e vam boravak u Beogradu u\u010diniti mnogo lak\u0161im, prijatnim i apsolutno nezaboravnim!<\/p>\n<p><strong>Sve to dobijate uz izuzetno povoljne cene, <\/strong><br \/>\n<strong>koje se kre\u0107u od 40% do 70% su ni\u017ee za iste usluge nego u va\u0161oj zemlji.<\/strong><\/p>\n<p>Na na\u0161em sajtu na\u0107i \u0107ete detaljne informacije o uslugama, cenama, paketima, spacijalnim popustima za grupe i kompletnim benefitima koje mo\u017eete ostvariti preko nas!<\/p>\n<\/div><div class=\"fusion-clearfix\"><\/div><\/div><\/div><\/div><\/div><\/p>\n","protected":false},"excerpt":{"rendered":"","protected":false},"author":1,"featured_media":0,"parent":0,"menu_order":0,"comment_status":"closed","ping_status":"closed","template":"","meta":{"footnotes":""},"class_list":["post-402","page","type-page","status-publish","hentry"],"yoast_head":"<!-- This site is optimized with the Yoast SEO plugin v27.6 - https:\/\/yoast.com\/product\/yoast-seo-wordpress\/ -->\n<title>Plasti\u010dna, Rekonstruktivna i Estetska Hirurgija - Etera Team<\/title>\n<meta name=\"description\" content=\"Plasti\u010dna hirurgija, Rekonstruktivna hirurgija, Estetska hirurgija,\" \/>\n<meta name=\"robots\" content=\"index, follow, max-snippet:-1, max-image-preview:large, max-video-preview:-1\" \/>\n<link rel=\"canonical\" href=\"https:\/\/www.eterateam.com\/rs\/plasticna-rekonstruktivna-i-estetska-hirurgija\/\" \/>\n<meta property=\"og:locale\" content=\"en_US\" \/>\n<meta property=\"og:type\" content=\"article\" \/>\n<meta property=\"og:title\" content=\"Plasti\u010dna, Rekonstruktivna i Estetska Hirurgija - Etera Team\" \/>\n<meta property=\"og:description\" content=\"Plasti\u010dna hirurgija, Rekonstruktivna hirurgija, Estetska hirurgija,\" \/>\n<meta property=\"og:url\" content=\"https:\/\/www.eterateam.com\/rs\/plasticna-rekonstruktivna-i-estetska-hirurgija\/\" \/>\n<meta property=\"og:site_name\" content=\"Etera Team\" \/>\n<meta property=\"article:modified_time\" content=\"2020-01-20T20:14:02+00:00\" \/>\n<meta property=\"og:image\" content=\"https:\/\/www.eterateam.com\/rs\/wp-content\/uploads\/2019\/10\/lines-2.png\" \/>\n<meta name=\"twitter:card\" content=\"summary_large_image\" \/>\n<script type=\"application\/ld+json\" class=\"yoast-schema-graph\">{\"@context\":\"https:\\\/\\\/schema.org\",\"@graph\":[{\"@type\":\"WebPage\",\"@id\":\"https:\\\/\\\/www.eterateam.com\\\/rs\\\/plasticna-rekonstruktivna-i-estetska-hirurgija\\\/\",\"url\":\"https:\\\/\\\/www.eterateam.com\\\/rs\\\/plasticna-rekonstruktivna-i-estetska-hirurgija\\\/\",\"name\":\"Plasti\u010dna, Rekonstruktivna i Estetska Hirurgija - Etera Team\",\"isPartOf\":{\"@id\":\"https:\\\/\\\/www.eterateam.com\\\/rs\\\/#website\"},\"primaryImageOfPage\":{\"@id\":\"https:\\\/\\\/www.eterateam.com\\\/rs\\\/plasticna-rekonstruktivna-i-estetska-hirurgija\\\/#primaryimage\"},\"image\":{\"@id\":\"https:\\\/\\\/www.eterateam.com\\\/rs\\\/plasticna-rekonstruktivna-i-estetska-hirurgija\\\/#primaryimage\"},\"thumbnailUrl\":\"https:\\\/\\\/www.eterateam.com\\\/rs\\\/wp-content\\\/uploads\\\/2019\\\/10\\\/lines-2.png\",\"datePublished\":\"2019-10-30T22:23:50+00:00\",\"dateModified\":\"2020-01-20T20:14:02+00:00\",\"description\":\"Plasti\u010dna hirurgija, Rekonstruktivna hirurgija, Estetska hirurgija,\",\"breadcrumb\":{\"@id\":\"https:\\\/\\\/www.eterateam.com\\\/rs\\\/plasticna-rekonstruktivna-i-estetska-hirurgija\\\/#breadcrumb\"},\"inLanguage\":\"en-US\",\"potentialAction\":[{\"@type\":\"ReadAction\",\"target\":[\"https:\\\/\\\/www.eterateam.com\\\/rs\\\/plasticna-rekonstruktivna-i-estetska-hirurgija\\\/\"]}]},{\"@type\":\"ImageObject\",\"inLanguage\":\"en-US\",\"@id\":\"https:\\\/\\\/www.eterateam.com\\\/rs\\\/plasticna-rekonstruktivna-i-estetska-hirurgija\\\/#primaryimage\",\"url\":\"https:\\\/\\\/www.eterateam.com\\\/rs\\\/wp-content\\\/uploads\\\/2019\\\/10\\\/lines-2.png\",\"contentUrl\":\"https:\\\/\\\/www.eterateam.com\\\/rs\\\/wp-content\\\/uploads\\\/2019\\\/10\\\/lines-2.png\",\"width\":700,\"height\":77},{\"@type\":\"BreadcrumbList\",\"@id\":\"https:\\\/\\\/www.eterateam.com\\\/rs\\\/plasticna-rekonstruktivna-i-estetska-hirurgija\\\/#breadcrumb\",\"itemListElement\":[{\"@type\":\"ListItem\",\"position\":1,\"name\":\"Home\",\"item\":\"https:\\\/\\\/www.eterateam.com\\\/rs\\\/\"},{\"@type\":\"ListItem\",\"position\":2,\"name\":\"Plasti\u010dna, Rekonstruktivna i Estetska Hirurgija\"}]},{\"@type\":\"WebSite\",\"@id\":\"https:\\\/\\\/www.eterateam.com\\\/rs\\\/#website\",\"url\":\"https:\\\/\\\/www.eterateam.com\\\/rs\\\/\",\"name\":\"Etera Team\",\"description\":\"Consulting | Medical Travel\",\"potentialAction\":[{\"@type\":\"SearchAction\",\"target\":{\"@type\":\"EntryPoint\",\"urlTemplate\":\"https:\\\/\\\/www.eterateam.com\\\/rs\\\/?s={search_term_string}\"},\"query-input\":{\"@type\":\"PropertyValueSpecification\",\"valueRequired\":true,\"valueName\":\"search_term_string\"}}],\"inLanguage\":\"en-US\"}]}<\/script>\n<!-- \/ Yoast SEO plugin. -->","yoast_head_json":{"title":"Plasti\u010dna, Rekonstruktivna i Estetska Hirurgija - Etera Team","description":"Plasti\u010dna hirurgija, Rekonstruktivna hirurgija, Estetska hirurgija,","robots":{"index":"index","follow":"follow","max-snippet":"max-snippet:-1","max-image-preview":"max-image-preview:large","max-video-preview":"max-video-preview:-1"},"canonical":"https:\/\/www.eterateam.com\/rs\/plasticna-rekonstruktivna-i-estetska-hirurgija\/","og_locale":"en_US","og_type":"article","og_title":"Plasti\u010dna, Rekonstruktivna i Estetska Hirurgija - Etera Team","og_description":"Plasti\u010dna hirurgija, Rekonstruktivna hirurgija, Estetska hirurgija,","og_url":"https:\/\/www.eterateam.com\/rs\/plasticna-rekonstruktivna-i-estetska-hirurgija\/","og_site_name":"Etera Team","article_modified_time":"2020-01-20T20:14:02+00:00","og_image":[{"url":"https:\/\/www.eterateam.com\/rs\/wp-content\/uploads\/2019\/10\/lines-2.png","type":"","width":"","height":""}],"twitter_card":"summary_large_image","schema":{"@context":"https:\/\/schema.org","@graph":[{"@type":"WebPage","@id":"https:\/\/www.eterateam.com\/rs\/plasticna-rekonstruktivna-i-estetska-hirurgija\/","url":"https:\/\/www.eterateam.com\/rs\/plasticna-rekonstruktivna-i-estetska-hirurgija\/","name":"Plasti\u010dna, Rekonstruktivna i Estetska Hirurgija - Etera Team","isPartOf":{"@id":"https:\/\/www.eterateam.com\/rs\/#website"},"primaryImageOfPage":{"@id":"https:\/\/www.eterateam.com\/rs\/plasticna-rekonstruktivna-i-estetska-hirurgija\/#primaryimage"},"image":{"@id":"https:\/\/www.eterateam.com\/rs\/plasticna-rekonstruktivna-i-estetska-hirurgija\/#primaryimage"},"thumbnailUrl":"https:\/\/www.eterateam.com\/rs\/wp-content\/uploads\/2019\/10\/lines-2.png","datePublished":"2019-10-30T22:23:50+00:00","dateModified":"2020-01-20T20:14:02+00:00","description":"Plasti\u010dna hirurgija, Rekonstruktivna hirurgija, Estetska hirurgija,","breadcrumb":{"@id":"https:\/\/www.eterateam.com\/rs\/plasticna-rekonstruktivna-i-estetska-hirurgija\/#breadcrumb"},"inLanguage":"en-US","potentialAction":[{"@type":"ReadAction","target":["https:\/\/www.eterateam.com\/rs\/plasticna-rekonstruktivna-i-estetska-hirurgija\/"]}]},{"@type":"ImageObject","inLanguage":"en-US","@id":"https:\/\/www.eterateam.com\/rs\/plasticna-rekonstruktivna-i-estetska-hirurgija\/#primaryimage","url":"https:\/\/www.eterateam.com\/rs\/wp-content\/uploads\/2019\/10\/lines-2.png","contentUrl":"https:\/\/www.eterateam.com\/rs\/wp-content\/uploads\/2019\/10\/lines-2.png","width":700,"height":77},{"@type":"BreadcrumbList","@id":"https:\/\/www.eterateam.com\/rs\/plasticna-rekonstruktivna-i-estetska-hirurgija\/#breadcrumb","itemListElement":[{"@type":"ListItem","position":1,"name":"Home","item":"https:\/\/www.eterateam.com\/rs\/"},{"@type":"ListItem","position":2,"name":"Plasti\u010dna, Rekonstruktivna i Estetska Hirurgija"}]},{"@type":"WebSite","@id":"https:\/\/www.eterateam.com\/rs\/#website","url":"https:\/\/www.eterateam.com\/rs\/","name":"Etera Team","description":"Consulting | Medical Travel","potentialAction":[{"@type":"SearchAction","target":{"@type":"EntryPoint","urlTemplate":"https:\/\/www.eterateam.com\/rs\/?s={search_term_string}"},"query-input":{"@type":"PropertyValueSpecification","valueRequired":true,"valueName":"search_term_string"}}],"inLanguage":"en-US"}]}},"_links":{"self":[{"href":"https:\/\/www.eterateam.com\/rs\/wp-json\/wp\/v2\/pages\/402","targetHints":{"allow":["GET"]}}],"collection":[{"href":"https:\/\/www.eterateam.com\/rs\/wp-json\/wp\/v2\/pages"}],"about":[{"href":"https:\/\/www.eterateam.com\/rs\/wp-json\/wp\/v2\/types\/page"}],"author":[{"embeddable":true,"href":"https:\/\/www.eterateam.com\/rs\/wp-json\/wp\/v2\/users\/1"}],"replies":[{"embeddable":true,"href":"https:\/\/www.eterateam.com\/rs\/wp-json\/wp\/v2\/comments?post=402"}],"version-history":[{"count":0,"href":"https:\/\/www.eterateam.com\/rs\/wp-json\/wp\/v2\/pages\/402\/revisions"}],"wp:attachment":[{"href":"https:\/\/www.eterateam.com\/rs\/wp-json\/wp\/v2\/media?parent=402"}],"curies":[{"name":"wp","href":"https:\/\/api.w.org\/{rel}","templated":true}]}}